{"id":26,"date":"2019-12-12T17:37:00","date_gmt":"2019-12-12T17:37:00","guid":{"rendered":"https:\/\/www.drcarstenschmidt.com\/?page_id=26"},"modified":"2023-12-09T18:00:20","modified_gmt":"2023-12-09T18:00:20","slug":"unsere-praxis","status":"publish","type":"page","link":"https:\/\/www.drcarstenschmidt.com\/?page_id=26","title":{"rendered":"Impressum"},"content":{"rendered":"\n<p>Inhaltlich Verantwortlicher dieser Webseite gem\u00e4\u00df \u00a7 55 Abs. 2 RStV ist:  <\/p>\n\n\n\n<p><strong>Dr. med. Carsten Schmidt<br>Neuer Bahnweg 11<br>26655 Westerstede<\/strong><\/p>\n\n\n\n<p>Telefon: (04488) 528140<br> Fax: (04488) 5281429<br><br>Mitglied der \u00c4rztekammer Niedersachsen<br>Karl-Wiechert-Allee 18-22<br>30625 Hannover<\/p>\n\n\n\n<p>Emails werden regelm\u00e4\u00dfig abgerufen und umgehend beantwortet (Bitte denken Sie daran, dass Emails nicht \u2018sicher\u2019 sind und nutzen Sie Emails nicht f\u00fcr vertrauliche Informationen). Alle Anfragen werden selbstverst\u00e4ndlich vertraulich behandelt. Wir bem\u00fchen uns, alle Angaben auf diesen Internet-Seiten so aktuell zu halten wie m\u00f6glich. Trotzdem: die auf diesen Seiten gemachten Angebote k\u00f6nnen sich jederzeit \u00e4ndern und sind daher unverbindlich.<\/p>\n\n\n\n<p>F\u00fcr Seiten, die von dieser Internet-Seite aus erreicht werden k\u00f6nnen, k\u00f6nnen wir keinerlei Verantwortung \u00fcbernehmen. Inhalte verlinkter Seiten sind v\u00f6llig unabh\u00e4ngig von unseren Ansichten, Einsch\u00e4tzungen und Meinungen.<\/p>\n\n\n\n<p>Sollten Inhalte dieser Internet-Seite die Rechte Dritter verletzen bitten wir um sofortige Benachrichtigung &#8211; wir werden etwaige Rechtsverletzungen unverz\u00fcglich beheben.<\/p>\n\n\n\n<p><\/p>\n","protected":false},"excerpt":{"rendered":"<p>Inhaltlich Verantwortlicher dieser Webseite gem\u00e4\u00df \u00a7 55 Abs. 2 RStV ist: Dr. med. Carsten SchmidtNeuer Bahnweg 1126655 Westerstede Telefon: (04488) 528140 Fax: (04488) 5281429 Mitglied der \u00c4rztekammer NiedersachsenKarl-Wiechert-Allee 18-2230625 Hannover Emails werden regelm\u00e4\u00dfig abgerufen und umgehend beantwortet (Bitte denken Sie daran, dass Emails nicht \u2018sicher\u2019 sind und nutzen Sie Emails nicht f\u00fcr vertrauliche Informationen). Alle &hellip; <\/p>\n<p class=\"link-more\"><a href=\"https:\/\/www.drcarstenschmidt.com\/?page_id=26\" class=\"more-link\"><span class=\"screen-reader-text\">\u201eImpressum\u201c<\/span> weiterlesen<\/a><\/p>\n","protected":false},"author":1,"featured_media":0,"parent":0,"menu_order":0,"comment_status":"closed","ping_status":"closed","template":"","meta":{"footnotes":""},"_links":{"self":[{"href":"https:\/\/www.drcarstenschmidt.com\/index.php?rest_route=\/wp\/v2\/pages\/26"}],"collection":[{"href":"https:\/\/www.drcarstenschmidt.com\/index.php?rest_route=\/wp\/v2\/pages"}],"about":[{"href":"https:\/\/www.drcarstenschmidt.com\/index.php?rest_route=\/wp\/v2\/types\/page"}],"author":[{"embeddable":true,"href":"https:\/\/www.drcarstenschmidt.com\/index.php?rest_route=\/wp\/v2\/users\/1"}],"replies":[{"embeddable":true,"href":"https:\/\/www.drcarstenschmidt.com\/index.php?rest_route=%2Fwp%2Fv2%2Fcomments&post=26"}],"version-history":[{"count":14,"href":"https:\/\/www.drcarstenschmidt.com\/index.php?rest_route=\/wp\/v2\/pages\/26\/revisions"}],"predecessor-version":[{"id":227,"href":"https:\/\/www.drcarstenschmidt.com\/index.php?rest_route=\/wp\/v2\/pages\/26\/revisions\/227"}],"wp:attachment":[{"href":"https:\/\/www.drcarstenschmidt.com\/index.php?rest_route=%2Fwp%2Fv2%2Fmedia&parent=26"}],"curies":[{"name":"wp","href":"https:\/\/api.w.org\/{rel}","templated":true}]}}